{"id":63713,"date":"2024-12-10T14:07:21","date_gmt":"2024-12-10T13:07:21","guid":{"rendered":"https:\/\/www.coquard.fr\/produit\/gamma-51-dl1-anti-pseudomonas"},"modified":"2026-05-01T21:48:31","modified_gmt":"2026-05-01T19:48:31","slug":"gamma-51-dl1-anti-pseudomonas","status":"publish","type":"product","link":"https:\/\/www.coquard.fr\/en\/produit\/gamma-51-dl1-anti-pseudomonas","title":{"rendered":"GAMMA 51 DL1 ANTI PSEUDOMONAS"},"content":{"rendered":"<p>Bact\u00e9ries lyophilis\u00e9es qui agissent contre le d\u00e9veloppement des Pseudomonas et des germes psychrotrophes. Culture \u00e0 apporter dans le lait avant pr\u00e9maruration en tank, voire ensuite en pulv\u00e9risation sur les fromages. Se compose de souches s\u00e9lectionn\u00e9es de Carnobacterium spp. Dosage : 1 tube pour 100 \u00e0 200 litres de lait. Sachet de 10 tubes DL1. Tarif pour un tube. Remise quantitative pour 60 ou 120 tubes. <\/p>\n","protected":false},"excerpt":{"rendered":"<p>63713<\/p>\n","protected":false},"featured_media":63716,"comment_status":"closed","ping_status":"closed","template":"","meta":{"_acf_changed":false},"product_brand":[],"product_cat":[1551],"product_tag":[],"class_list":{"0":"post-63713","1":"product","2":"type-product","3":"status-publish","4":"has-post-thumbnail","6":"product_cat-coquard-lactic-cultures","8":"first","9":"instock","10":"taxable","11":"shipping-taxable","12":"purchasable","13":"product-type-simple"},"acf":[],"yoast_head":"<!-- This site is optimized with the Yoast SEO plugin v27.5 - https:\/\/yoast.com\/product\/yoast-seo-wordpress\/ -->\n<title>GAMMA 51 DL1 ANTI PSEUDOMONAS - Ets Coquard<\/title>\n<meta name=\"robots\" content=\"index, follow, max-snippet:-1, max-image-preview:large, max-video-preview:-1\" \/>\n<link rel=\"canonical\" href=\"https:\/\/www.coquard.fr\/en\/produit\/gamma-51-dl1-anti-pseudomonas\" \/>\n<meta property=\"og:locale\" content=\"en_US\" \/>\n<meta property=\"og:type\" content=\"article\" \/>\n<meta property=\"og:title\" content=\"GAMMA 51 DL1 ANTI PSEUDOMONAS - Ets Coquard\" \/>\n<meta property=\"og:description\" content=\"63713\" \/>\n<meta property=\"og:url\" content=\"https:\/\/www.coquard.fr\/en\/produit\/gamma-51-dl1-anti-pseudomonas\" \/>\n<meta property=\"og:site_name\" content=\"Ets Coquard\" \/>\n<meta property=\"article:modified_time\" content=\"2026-05-01T19:48:31+00:00\" \/>\n<meta property=\"og:image\" content=\"https:\/\/www.coquard.fr\/wp-content\/uploads\/012cca-gamma51-100l-fermentsetpresures-photo1.jpeg\" \/>\n\t<meta property=\"og:image:width\" content=\"1000\" \/>\n\t<meta property=\"og:image:height\" content=\"1000\" \/>\n\t<meta property=\"og:image:type\" content=\"image\/jpeg\" \/>\n<meta name=\"twitter:card\" content=\"summary_large_image\" \/>\n<script type=\"application\/ld+json\" class=\"yoast-schema-graph\">{\"@context\":\"https:\\\/\\\/schema.org\",\"@graph\":[{\"@type\":\"WebPage\",\"@id\":\"https:\\\/\\\/www.coquard.fr\\\/en\\\/produit\\\/gamma-51-dl1-anti-pseudomonas\",\"url\":\"https:\\\/\\\/www.coquard.fr\\\/en\\\/produit\\\/gamma-51-dl1-anti-pseudomonas\",\"name\":\"GAMMA 51 DL1 ANTI PSEUDOMONAS - Ets Coquard\",\"isPartOf\":{\"@id\":\"https:\\\/\\\/www.coquard.fr\\\/#website\"},\"primaryImageOfPage\":{\"@id\":\"https:\\\/\\\/www.coquard.fr\\\/en\\\/produit\\\/gamma-51-dl1-anti-pseudomonas#primaryimage\"},\"image\":{\"@id\":\"https:\\\/\\\/www.coquard.fr\\\/en\\\/produit\\\/gamma-51-dl1-anti-pseudomonas#primaryimage\"},\"thumbnailUrl\":\"https:\\\/\\\/www.coquard.fr\\\/wp-content\\\/uploads\\\/012cca-gamma51-100l-fermentsetpresures-photo1.jpeg\",\"datePublished\":\"2024-12-10T13:07:21+00:00\",\"dateModified\":\"2026-05-01T19:48:31+00:00\",\"breadcrumb\":{\"@id\":\"https:\\\/\\\/www.coquard.fr\\\/en\\\/produit\\\/gamma-51-dl1-anti-pseudomonas#breadcrumb\"},\"inLanguage\":\"en-US\",\"potentialAction\":[{\"@type\":\"ReadAction\",\"target\":[\"https:\\\/\\\/www.coquard.fr\\\/en\\\/produit\\\/gamma-51-dl1-anti-pseudomonas\"]}]},{\"@type\":\"ImageObject\",\"inLanguage\":\"en-US\",\"@id\":\"https:\\\/\\\/www.coquard.fr\\\/en\\\/produit\\\/gamma-51-dl1-anti-pseudomonas#primaryimage\",\"url\":\"https:\\\/\\\/www.coquard.fr\\\/wp-content\\\/uploads\\\/012cca-gamma51-100l-fermentsetpresures-photo1.jpeg\",\"contentUrl\":\"https:\\\/\\\/www.coquard.fr\\\/wp-content\\\/uploads\\\/012cca-gamma51-100l-fermentsetpresures-photo1.jpeg\",\"width\":1000,\"height\":1000,\"caption\":\"Created with GIMP\"},{\"@type\":\"BreadcrumbList\",\"@id\":\"https:\\\/\\\/www.coquard.fr\\\/en\\\/produit\\\/gamma-51-dl1-anti-pseudomonas#breadcrumb\",\"itemListElement\":[{\"@type\":\"ListItem\",\"position\":1,\"name\":\"Home\",\"item\":\"https:\\\/\\\/www.coquard.fr\\\/en\"},{\"@type\":\"ListItem\",\"position\":2,\"name\":\"Shop\",\"item\":\"https:\\\/\\\/www.coquard.fr\\\/en\\\/shop\"},{\"@type\":\"ListItem\",\"position\":3,\"name\":\"GAMMA 51 DL1 ANTI PSEUDOMONAS\"}]},{\"@type\":\"WebSite\",\"@id\":\"https:\\\/\\\/www.coquard.fr\\\/#website\",\"url\":\"https:\\\/\\\/www.coquard.fr\\\/\",\"name\":\"Ets Coquard\",\"description\":\"Equipements fromagerie fermi\u00e8re\",\"publisher\":{\"@id\":\"https:\\\/\\\/www.coquard.fr\\\/#organization\"},\"potentialAction\":[{\"@type\":\"SearchAction\",\"target\":{\"@type\":\"EntryPoint\",\"urlTemplate\":\"https:\\\/\\\/www.coquard.fr\\\/?s={search_term_string}\"},\"query-input\":{\"@type\":\"PropertyValueSpecification\",\"valueRequired\":true,\"valueName\":\"search_term_string\"}}],\"inLanguage\":\"en-US\"},{\"@type\":\"Organization\",\"@id\":\"https:\\\/\\\/www.coquard.fr\\\/#organization\",\"name\":\"Coquard\",\"url\":\"https:\\\/\\\/www.coquard.fr\\\/\",\"logo\":{\"@type\":\"ImageObject\",\"inLanguage\":\"en-US\",\"@id\":\"https:\\\/\\\/www.coquard.fr\\\/#\\\/schema\\\/logo\\\/image\\\/\",\"url\":\"https:\\\/\\\/www.coquard.fr\\\/wp-content\\\/uploads\\\/cropped-logo-coquard-quadri-fond-blanc.png\",\"contentUrl\":\"https:\\\/\\\/www.coquard.fr\\\/wp-content\\\/uploads\\\/cropped-logo-coquard-quadri-fond-blanc.png\",\"width\":1824,\"height\":701,\"caption\":\"Coquard\"},\"image\":{\"@id\":\"https:\\\/\\\/www.coquard.fr\\\/#\\\/schema\\\/logo\\\/image\\\/\"}}]}<\/script>\n<!-- \/ Yoast SEO plugin. -->","yoast_head_json":{"title":"GAMMA 51 DL1 ANTI PSEUDOMONAS - Ets Coquard","robots":{"index":"index","follow":"follow","max-snippet":"max-snippet:-1","max-image-preview":"max-image-preview:large","max-video-preview":"max-video-preview:-1"},"canonical":"https:\/\/www.coquard.fr\/en\/produit\/gamma-51-dl1-anti-pseudomonas","og_locale":"en_US","og_type":"article","og_title":"GAMMA 51 DL1 ANTI PSEUDOMONAS - Ets Coquard","og_description":"63713","og_url":"https:\/\/www.coquard.fr\/en\/produit\/gamma-51-dl1-anti-pseudomonas","og_site_name":"Ets Coquard","article_modified_time":"2026-05-01T19:48:31+00:00","og_image":[{"width":1000,"height":1000,"url":"https:\/\/www.coquard.fr\/wp-content\/uploads\/012cca-gamma51-100l-fermentsetpresures-photo1.jpeg","type":"image\/jpeg"}],"twitter_card":"summary_large_image","schema":{"@context":"https:\/\/schema.org","@graph":[{"@type":"WebPage","@id":"https:\/\/www.coquard.fr\/en\/produit\/gamma-51-dl1-anti-pseudomonas","url":"https:\/\/www.coquard.fr\/en\/produit\/gamma-51-dl1-anti-pseudomonas","name":"GAMMA 51 DL1 ANTI PSEUDOMONAS - Ets Coquard","isPartOf":{"@id":"https:\/\/www.coquard.fr\/#website"},"primaryImageOfPage":{"@id":"https:\/\/www.coquard.fr\/en\/produit\/gamma-51-dl1-anti-pseudomonas#primaryimage"},"image":{"@id":"https:\/\/www.coquard.fr\/en\/produit\/gamma-51-dl1-anti-pseudomonas#primaryimage"},"thumbnailUrl":"https:\/\/www.coquard.fr\/wp-content\/uploads\/012cca-gamma51-100l-fermentsetpresures-photo1.jpeg","datePublished":"2024-12-10T13:07:21+00:00","dateModified":"2026-05-01T19:48:31+00:00","breadcrumb":{"@id":"https:\/\/www.coquard.fr\/en\/produit\/gamma-51-dl1-anti-pseudomonas#breadcrumb"},"inLanguage":"en-US","potentialAction":[{"@type":"ReadAction","target":["https:\/\/www.coquard.fr\/en\/produit\/gamma-51-dl1-anti-pseudomonas"]}]},{"@type":"ImageObject","inLanguage":"en-US","@id":"https:\/\/www.coquard.fr\/en\/produit\/gamma-51-dl1-anti-pseudomonas#primaryimage","url":"https:\/\/www.coquard.fr\/wp-content\/uploads\/012cca-gamma51-100l-fermentsetpresures-photo1.jpeg","contentUrl":"https:\/\/www.coquard.fr\/wp-content\/uploads\/012cca-gamma51-100l-fermentsetpresures-photo1.jpeg","width":1000,"height":1000,"caption":"Created with GIMP"},{"@type":"BreadcrumbList","@id":"https:\/\/www.coquard.fr\/en\/produit\/gamma-51-dl1-anti-pseudomonas#breadcrumb","itemListElement":[{"@type":"ListItem","position":1,"name":"Home","item":"https:\/\/www.coquard.fr\/en"},{"@type":"ListItem","position":2,"name":"Shop","item":"https:\/\/www.coquard.fr\/en\/shop"},{"@type":"ListItem","position":3,"name":"GAMMA 51 DL1 ANTI PSEUDOMONAS"}]},{"@type":"WebSite","@id":"https:\/\/www.coquard.fr\/#website","url":"https:\/\/www.coquard.fr\/","name":"Ets Coquard","description":"Equipements fromagerie fermi\u00e8re","publisher":{"@id":"https:\/\/www.coquard.fr\/#organization"},"potentialAction":[{"@type":"SearchAction","target":{"@type":"EntryPoint","urlTemplate":"https:\/\/www.coquard.fr\/?s={search_term_string}"},"query-input":{"@type":"PropertyValueSpecification","valueRequired":true,"valueName":"search_term_string"}}],"inLanguage":"en-US"},{"@type":"Organization","@id":"https:\/\/www.coquard.fr\/#organization","name":"Coquard","url":"https:\/\/www.coquard.fr\/","logo":{"@type":"ImageObject","inLanguage":"en-US","@id":"https:\/\/www.coquard.fr\/#\/schema\/logo\/image\/","url":"https:\/\/www.coquard.fr\/wp-content\/uploads\/cropped-logo-coquard-quadri-fond-blanc.png","contentUrl":"https:\/\/www.coquard.fr\/wp-content\/uploads\/cropped-logo-coquard-quadri-fond-blanc.png","width":1824,"height":701,"caption":"Coquard"},"image":{"@id":"https:\/\/www.coquard.fr\/#\/schema\/logo\/image\/"}}]}},"_links":{"self":[{"href":"https:\/\/www.coquard.fr\/en\/wp-json\/wp\/v2\/product\/63713","targetHints":{"allow":["GET"]}}],"collection":[{"href":"https:\/\/www.coquard.fr\/en\/wp-json\/wp\/v2\/product"}],"about":[{"href":"https:\/\/www.coquard.fr\/en\/wp-json\/wp\/v2\/types\/product"}],"replies":[{"embeddable":true,"href":"https:\/\/www.coquard.fr\/en\/wp-json\/wp\/v2\/comments?post=63713"}],"wp:featuredmedia":[{"embeddable":true,"href":"https:\/\/www.coquard.fr\/en\/wp-json\/wp\/v2\/media\/63716"}],"wp:attachment":[{"href":"https:\/\/www.coquard.fr\/en\/wp-json\/wp\/v2\/media?parent=63713"}],"wp:term":[{"taxonomy":"product_brand","embeddable":true,"href":"https:\/\/www.coquard.fr\/en\/wp-json\/wp\/v2\/product_brand?post=63713"},{"taxonomy":"product_cat","embeddable":true,"href":"https:\/\/www.coquard.fr\/en\/wp-json\/wp\/v2\/product_cat?post=63713"},{"taxonomy":"product_tag","embeddable":true,"href":"https:\/\/www.coquard.fr\/en\/wp-json\/wp\/v2\/product_tag?post=63713"}],"curies":[{"name":"wp","href":"https:\/\/api.w.org\/{rel}","templated":true}]}}