{"id":60847,"date":"2024-07-16T14:27:20","date_gmt":"2024-07-16T12:27:20","guid":{"rendered":"https:\/\/www.coquard.fr\/produit\/pasteurisateur-125-litres-classic"},"modified":"2026-01-08T14:52:34","modified_gmt":"2026-01-08T13:52:34","slug":"pasteurisateur-125-litres-classic","status":"publish","type":"product","link":"https:\/\/www.coquard.fr\/en\/produit\/pasteurisateur-125-litres-classic","title":{"rendered":"PASTEURISATEUR 125 L CLASSIC"},"content":{"rendered":"<p>Pasteurisateur \u00e0 chauffage par r\u00e9sistances \u00e9lectriques jusqu&#8217;\u00e0 90\u00b0C, puissances 6 kW. R\u00e9gulation du chauffage par simple thermostat. Refroidissement par circulation d&#8217;eau dans le bain-marie, commande par vanne manuelle. Agitation d\u00e9port\u00e9e \u00e0 vitesse fixe 23 tours\/min. Couvercle amovible. Inclinaison manuelle de fin de vidange. Sortie SMS51 M, vanne non comprise. Alimentation 400 Volts &#8211; 50 Hz, 3 phases + neutre + terre. <\/p>\n","protected":false},"excerpt":{"rendered":"<p>60847<\/p>\n","protected":false},"featured_media":60850,"comment_status":"closed","ping_status":"closed","template":"","meta":{"_acf_changed":false},"product_brand":[],"product_cat":[1496],"product_tag":[],"class_list":{"0":"post-60847","1":"product","2":"type-product","3":"status-publish","4":"has-post-thumbnail","6":"product_cat-pasteurization-vats","8":"first","9":"onbackorder","10":"taxable","11":"shipping-taxable","12":"purchasable","13":"product-type-simple"},"acf":[],"_links":{"self":[{"href":"https:\/\/www.coquard.fr\/en\/wp-json\/wp\/v2\/product\/60847","targetHints":{"allow":["GET"]}}],"collection":[{"href":"https:\/\/www.coquard.fr\/en\/wp-json\/wp\/v2\/product"}],"about":[{"href":"https:\/\/www.coquard.fr\/en\/wp-json\/wp\/v2\/types\/product"}],"replies":[{"embeddable":true,"href":"https:\/\/www.coquard.fr\/en\/wp-json\/wp\/v2\/comments?post=60847"}],"wp:featuredmedia":[{"embeddable":true,"href":"https:\/\/www.coquard.fr\/en\/wp-json\/wp\/v2\/media\/60850"}],"wp:attachment":[{"href":"https:\/\/www.coquard.fr\/en\/wp-json\/wp\/v2\/media?parent=60847"}],"wp:term":[{"taxonomy":"product_brand","embeddable":true,"href":"https:\/\/www.coquard.fr\/en\/wp-json\/wp\/v2\/product_brand?post=60847"},{"taxonomy":"product_cat","embeddable":true,"href":"https:\/\/www.coquard.fr\/en\/wp-json\/wp\/v2\/product_cat?post=60847"},{"taxonomy":"product_tag","embeddable":true,"href":"https:\/\/www.coquard.fr\/en\/wp-json\/wp\/v2\/product_tag?post=60847"}],"curies":[{"name":"wp","href":"https:\/\/api.w.org\/{rel}","templated":true}]}}