{"id":60811,"date":"2024-07-16T10:21:48","date_gmt":"2024-07-16T08:21:48","guid":{"rendered":"https:\/\/www.coquard.fr\/produit\/tuyau-de-lavage-au-metre-couronne-de-25-m"},"modified":"2026-01-08T15:27:53","modified_gmt":"2026-01-08T14:27:53","slug":"tuyau-de-lavage-au-metre-couronne-de-25-m","status":"publish","type":"product","link":"https:\/\/www.coquard.fr\/en\/produit\/tuyau-de-lavage-au-metre-couronne-de-25-m","title":{"rendered":"TUYAU DE LAVAGE AU METRE COURONNE DE 25 M."},"content":{"rendered":"<p>Tuyau de lavage au m\u00e8tre sans raccords. Qualit\u00e9 alimentaire. Diam\u00e8tre 19\/26 mm. Temp\u00e9rature maximum 60 \u00b0C. Pression maximum : 20 bars. Couronne de 25 m\u00e8tres. Vendu au m\u00e8tre.<\/p>\n","protected":false},"excerpt":{"rendered":"<p>60811<\/p>\n","protected":false},"featured_media":60814,"comment_status":"closed","ping_status":"closed","template":"","meta":{"_acf_changed":false},"product_brand":[],"product_cat":[1454],"product_tag":[],"class_list":{"0":"post-60811","1":"product","2":"type-product","3":"status-publish","4":"has-post-thumbnail","6":"product_cat-cleaning-equipment","8":"first","9":"instock","10":"taxable","11":"shipping-taxable","12":"purchasable","13":"product-type-simple"},"acf":[],"_links":{"self":[{"href":"https:\/\/www.coquard.fr\/en\/wp-json\/wp\/v2\/product\/60811","targetHints":{"allow":["GET"]}}],"collection":[{"href":"https:\/\/www.coquard.fr\/en\/wp-json\/wp\/v2\/product"}],"about":[{"href":"https:\/\/www.coquard.fr\/en\/wp-json\/wp\/v2\/types\/product"}],"replies":[{"embeddable":true,"href":"https:\/\/www.coquard.fr\/en\/wp-json\/wp\/v2\/comments?post=60811"}],"wp:featuredmedia":[{"embeddable":true,"href":"https:\/\/www.coquard.fr\/en\/wp-json\/wp\/v2\/media\/60814"}],"wp:attachment":[{"href":"https:\/\/www.coquard.fr\/en\/wp-json\/wp\/v2\/media?parent=60811"}],"wp:term":[{"taxonomy":"product_brand","embeddable":true,"href":"https:\/\/www.coquard.fr\/en\/wp-json\/wp\/v2\/product_brand?post=60811"},{"taxonomy":"product_cat","embeddable":true,"href":"https:\/\/www.coquard.fr\/en\/wp-json\/wp\/v2\/product_cat?post=60811"},{"taxonomy":"product_tag","embeddable":true,"href":"https:\/\/www.coquard.fr\/en\/wp-json\/wp\/v2\/product_tag?post=60811"}],"curies":[{"name":"wp","href":"https:\/\/api.w.org\/{rel}","templated":true}]}}