{"id":60112,"date":"2024-06-25T15:06:23","date_gmt":"2024-06-25T13:06:23","guid":{"rendered":"https:\/\/www.coquard.fr\/produit\/rsf-742-50u-pour-pate-pressee-melange-mesophile-thermophile"},"modified":"2026-03-31T21:10:02","modified_gmt":"2026-03-31T19:10:02","slug":"rsf-742-50u-pour-pate-pressee-melange-mesophile-thermophile","status":"publish","type":"product","link":"https:\/\/www.coquard.fr\/en\/produit\/rsf-742-50u-pour-pate-pressee-melange-mesophile-thermophile","title":{"rendered":"RSF-742 50U POUR PATE PRESSEE MELANGE MESOPHILE\/THERMOPHILE"},"content":{"rendered":"<p>Gamme HANSEN, ferment lactique mixte lyophilis\u00e9 pour la fabrication de fromage \u00e0 p\u00e2te press\u00e9e non cuite. Composition : Lactobacillus helveticus, Lactococcus lactis, cremoris, Streptococcus thermophilus. Dosage recommand\u00e9 : 1 sachet de 50 U pour ensemencer 500 litres de lait. Vendu au sachet. Bo\u00eete de 30.<\/p>\n","protected":false},"excerpt":{"rendered":"<p>60112<\/p>\n","protected":false},"featured_media":60110,"comment_status":"closed","ping_status":"closed","template":"","meta":{"_acf_changed":false},"product_brand":[],"product_cat":[1552],"product_tag":[],"class_list":{"0":"post-60112","1":"product","2":"type-product","3":"status-publish","4":"has-post-thumbnail","6":"product_cat-chr-hansen-lactic-and-ripening-cultures","8":"first","9":"instock","10":"taxable","11":"shipping-taxable","12":"purchasable","13":"product-type-simple"},"acf":[],"_links":{"self":[{"href":"https:\/\/www.coquard.fr\/en\/wp-json\/wp\/v2\/product\/60112","targetHints":{"allow":["GET"]}}],"collection":[{"href":"https:\/\/www.coquard.fr\/en\/wp-json\/wp\/v2\/product"}],"about":[{"href":"https:\/\/www.coquard.fr\/en\/wp-json\/wp\/v2\/types\/product"}],"replies":[{"embeddable":true,"href":"https:\/\/www.coquard.fr\/en\/wp-json\/wp\/v2\/comments?post=60112"}],"wp:featuredmedia":[{"embeddable":true,"href":"https:\/\/www.coquard.fr\/en\/wp-json\/wp\/v2\/media\/60110"}],"wp:attachment":[{"href":"https:\/\/www.coquard.fr\/en\/wp-json\/wp\/v2\/media?parent=60112"}],"wp:term":[{"taxonomy":"product_brand","embeddable":true,"href":"https:\/\/www.coquard.fr\/en\/wp-json\/wp\/v2\/product_brand?post=60112"},{"taxonomy":"product_cat","embeddable":true,"href":"https:\/\/www.coquard.fr\/en\/wp-json\/wp\/v2\/product_cat?post=60112"},{"taxonomy":"product_tag","embeddable":true,"href":"https:\/\/www.coquard.fr\/en\/wp-json\/wp\/v2\/product_tag?post=60112"}],"curies":[{"name":"wp","href":"https:\/\/api.w.org\/{rel}","templated":true}]}}