{"id":59906,"date":"2024-06-18T15:09:42","date_gmt":"2024-06-18T13:09:42","guid":{"rendered":"https:\/\/www.coquard.fr\/produit\/bac-de-prepressage-1430-x-820-mm"},"modified":"2026-01-08T15:09:20","modified_gmt":"2026-01-08T14:09:20","slug":"bac-de-prepressage-1430-x-820-mm","status":"publish","type":"product","link":"https:\/\/www.coquard.fr\/en\/produit\/bac-de-prepressage-1430-x-820-mm","title":{"rendered":"BAC DE PRE-PRESSAGE 1430 x 820 MM"},"content":{"rendered":"<p>Bac de moulage et pr\u00e9pressage du caill\u00e9. Bac comprenant : store baguette de fond, grille inox filtrante r\u00e9glable, t\u00f4les inox perfor\u00e9es pour pr\u00e9pressage avec corni\u00e8res de calage. N\u00e9cessite d&#8217;apposer 2 \u00e0 4 seaux de 15 litres d&#8217;eau pour le pr\u00e9pressage. Capacit\u00e9 350 \u00e0 750 litres de lait, soit 40 \u00e0 110 Kg de caill\u00e9 environ. Dimensions 1430 x 820 mm. Hauteur totale 860 mm. Profondeur 200 mm. Sur 4 roues pivotantes.       <\/p>\n","protected":false},"excerpt":{"rendered":"<p>59906<\/p>\n","protected":false},"featured_media":59909,"comment_status":"closed","ping_status":"closed","template":"","meta":{"_acf_changed":false},"product_brand":[],"product_cat":[1530],"product_tag":[],"class_list":{"0":"post-59906","1":"product","2":"type-product","3":"status-publish","4":"has-post-thumbnail","6":"product_cat-draining-and-packing-tables","8":"first","9":"onbackorder","10":"taxable","11":"shipping-taxable","12":"purchasable","13":"product-type-simple"},"acf":[],"_links":{"self":[{"href":"https:\/\/www.coquard.fr\/en\/wp-json\/wp\/v2\/product\/59906","targetHints":{"allow":["GET"]}}],"collection":[{"href":"https:\/\/www.coquard.fr\/en\/wp-json\/wp\/v2\/product"}],"about":[{"href":"https:\/\/www.coquard.fr\/en\/wp-json\/wp\/v2\/types\/product"}],"replies":[{"embeddable":true,"href":"https:\/\/www.coquard.fr\/en\/wp-json\/wp\/v2\/comments?post=59906"}],"wp:featuredmedia":[{"embeddable":true,"href":"https:\/\/www.coquard.fr\/en\/wp-json\/wp\/v2\/media\/59909"}],"wp:attachment":[{"href":"https:\/\/www.coquard.fr\/en\/wp-json\/wp\/v2\/media?parent=59906"}],"wp:term":[{"taxonomy":"product_brand","embeddable":true,"href":"https:\/\/www.coquard.fr\/en\/wp-json\/wp\/v2\/product_brand?post=59906"},{"taxonomy":"product_cat","embeddable":true,"href":"https:\/\/www.coquard.fr\/en\/wp-json\/wp\/v2\/product_cat?post=59906"},{"taxonomy":"product_tag","embeddable":true,"href":"https:\/\/www.coquard.fr\/en\/wp-json\/wp\/v2\/product_tag?post=59906"}],"curies":[{"name":"wp","href":"https:\/\/api.w.org\/{rel}","templated":true}]}}