{"id":57683,"date":"2024-03-27T16:58:06","date_gmt":"2024-03-27T15:58:06","guid":{"rendered":"https:\/\/www.coquard.fr\/produit\/couvercle-carton-pour-pot-909eac-par-10"},"modified":"2026-01-08T15:56:56","modified_gmt":"2026-01-08T14:56:56","slug":"couvercle-carton-pour-pot-909eac-par-10","status":"publish","type":"product","link":"https:\/\/www.coquard.fr\/en\/produit\/couvercle-carton-pour-pot-909eac-par-10","title":{"rendered":"COUVERCLE CARTON POUR POT 909EAC PAR 10"},"content":{"rendered":"<p>Couvercle blanc en carton et revetement PE int\u00e9rieur et ext\u00e9rieur, pour pot carton 909AEC. Diam\u00e8tre 95 mm. Carton de 1550 couvercles.Vendu \u00e0 la dizaine.<\/p>\n","protected":false},"excerpt":{"rendered":"<p>57683<\/p>\n","protected":false},"featured_media":57686,"comment_status":"closed","ping_status":"closed","template":"","meta":{"_acf_changed":false},"product_brand":[],"product_cat":[1443],"product_tag":[],"class_list":{"0":"post-57683","1":"product","2":"type-product","3":"status-publish","4":"has-post-thumbnail","6":"product_cat-yoghurt-pots","8":"first","9":"instock","10":"taxable","11":"shipping-taxable","12":"purchasable","13":"product-type-simple"},"acf":[],"_links":{"self":[{"href":"https:\/\/www.coquard.fr\/en\/wp-json\/wp\/v2\/product\/57683","targetHints":{"allow":["GET"]}}],"collection":[{"href":"https:\/\/www.coquard.fr\/en\/wp-json\/wp\/v2\/product"}],"about":[{"href":"https:\/\/www.coquard.fr\/en\/wp-json\/wp\/v2\/types\/product"}],"replies":[{"embeddable":true,"href":"https:\/\/www.coquard.fr\/en\/wp-json\/wp\/v2\/comments?post=57683"}],"wp:featuredmedia":[{"embeddable":true,"href":"https:\/\/www.coquard.fr\/en\/wp-json\/wp\/v2\/media\/57686"}],"wp:attachment":[{"href":"https:\/\/www.coquard.fr\/en\/wp-json\/wp\/v2\/media?parent=57683"}],"wp:term":[{"taxonomy":"product_brand","embeddable":true,"href":"https:\/\/www.coquard.fr\/en\/wp-json\/wp\/v2\/product_brand?post=57683"},{"taxonomy":"product_cat","embeddable":true,"href":"https:\/\/www.coquard.fr\/en\/wp-json\/wp\/v2\/product_cat?post=57683"},{"taxonomy":"product_tag","embeddable":true,"href":"https:\/\/www.coquard.fr\/en\/wp-json\/wp\/v2\/product_tag?post=57683"}],"curies":[{"name":"wp","href":"https:\/\/api.w.org\/{rel}","templated":true}]}}