{"id":57336,"date":"2024-03-14T15:54:29","date_gmt":"2024-03-14T14:54:29","guid":{"rendered":"https:\/\/www.coquard.fr\/produit\/bouchon-bleu-a-vis-solidaire-bouteille-2l-1l-50cl-25cl"},"modified":"2026-01-15T10:17:05","modified_gmt":"2026-01-15T09:17:05","slug":"bouchon-bleu-a-vis-solidaire-bouteille-2l-1l-50cl-25cl","status":"publish","type":"product","link":"https:\/\/www.coquard.fr\/en\/produit\/bouchon-bleu-a-vis-solidaire-bouteille-2l-1l-50cl-25cl","title":{"rendered":"BOUCHON BLEU A VIS SOLIDAIRE BOUTEILLE 2L, 1L, 50CL, 25CL."},"content":{"rendered":"<p>Bouchon bleu solidaire pour bouteille \u00e0 lait 2 litres, 1 litre, 1\/2 litre ou 1\/4 de litre avec bague d&#8217;inviolabilit\u00e9. Prix \u00e0 l&#8217;unit\u00e9.<\/p>\n","protected":false},"excerpt":{"rendered":"<p>57336<\/p>\n","protected":false},"featured_media":57339,"comment_status":"closed","ping_status":"closed","template":"","meta":{"_acf_changed":false},"product_brand":[],"product_cat":[1435],"product_tag":[],"class_list":{"0":"post-57336","1":"product","2":"type-product","3":"status-publish","4":"has-post-thumbnail","6":"product_cat-milk-bottles","8":"first","9":"instock","10":"taxable","11":"shipping-taxable","12":"purchasable","13":"product-type-simple"},"acf":[],"_links":{"self":[{"href":"https:\/\/www.coquard.fr\/en\/wp-json\/wp\/v2\/product\/57336","targetHints":{"allow":["GET"]}}],"collection":[{"href":"https:\/\/www.coquard.fr\/en\/wp-json\/wp\/v2\/product"}],"about":[{"href":"https:\/\/www.coquard.fr\/en\/wp-json\/wp\/v2\/types\/product"}],"replies":[{"embeddable":true,"href":"https:\/\/www.coquard.fr\/en\/wp-json\/wp\/v2\/comments?post=57336"}],"wp:featuredmedia":[{"embeddable":true,"href":"https:\/\/www.coquard.fr\/en\/wp-json\/wp\/v2\/media\/57339"}],"wp:attachment":[{"href":"https:\/\/www.coquard.fr\/en\/wp-json\/wp\/v2\/media?parent=57336"}],"wp:term":[{"taxonomy":"product_brand","embeddable":true,"href":"https:\/\/www.coquard.fr\/en\/wp-json\/wp\/v2\/product_brand?post=57336"},{"taxonomy":"product_cat","embeddable":true,"href":"https:\/\/www.coquard.fr\/en\/wp-json\/wp\/v2\/product_cat?post=57336"},{"taxonomy":"product_tag","embeddable":true,"href":"https:\/\/www.coquard.fr\/en\/wp-json\/wp\/v2\/product_tag?post=57336"}],"curies":[{"name":"wp","href":"https:\/\/api.w.org\/{rel}","templated":true}]}}