{"id":57323,"date":"2024-03-14T15:19:04","date_gmt":"2024-03-14T14:19:04","guid":{"rendered":"https:\/\/www.coquard.fr\/produit\/baso-bionil-sl40-prix-au-kg-21kg"},"modified":"2026-01-30T13:53:21","modified_gmt":"2026-01-30T12:53:21","slug":"baso-bionil-sl40-prix-au-kg-21kg","status":"publish","type":"product","link":"https:\/\/www.coquard.fr\/en\/produit\/baso-bionil-sl40-prix-au-kg-21kg","title":{"rendered":"BASO BIONIL SL40. PRIX AU KG. (21KG)"},"content":{"rendered":"<p>D\u00e9tergent enzymatique non moussant pour destruction des bio-films sur les \u00e9quipements de fromagerie. Etape \u00e0 r\u00e9aliser avant un nettoyage acide ou alcalin ou une d\u00e9sinfection.<br \/>\nPrix au Kg. Bidon de 21 Kg. *Utiliser les produits d&#8217;hygi\u00e8ne avec pr\u00e9caution, lire l&#8217;\u00e9tiquette, fiche technique, et fiche de s\u00e9curit\u00e9.*<\/p>\n","protected":false},"excerpt":{"rendered":"<p>57323<\/p>\n","protected":false},"featured_media":57326,"comment_status":"closed","ping_status":"closed","template":"","meta":{"_acf_changed":false},"product_brand":[],"product_cat":[1455],"product_tag":[],"class_list":{"0":"post-57323","1":"product","2":"type-product","3":"status-publish","4":"has-post-thumbnail","6":"product_cat-hygiene-and-cleaning-products","8":"first","9":"instock","10":"taxable","11":"shipping-taxable","12":"purchasable","13":"product-type-simple"},"acf":[],"_links":{"self":[{"href":"https:\/\/www.coquard.fr\/en\/wp-json\/wp\/v2\/product\/57323","targetHints":{"allow":["GET"]}}],"collection":[{"href":"https:\/\/www.coquard.fr\/en\/wp-json\/wp\/v2\/product"}],"about":[{"href":"https:\/\/www.coquard.fr\/en\/wp-json\/wp\/v2\/types\/product"}],"replies":[{"embeddable":true,"href":"https:\/\/www.coquard.fr\/en\/wp-json\/wp\/v2\/comments?post=57323"}],"wp:featuredmedia":[{"embeddable":true,"href":"https:\/\/www.coquard.fr\/en\/wp-json\/wp\/v2\/media\/57326"}],"wp:attachment":[{"href":"https:\/\/www.coquard.fr\/en\/wp-json\/wp\/v2\/media?parent=57323"}],"wp:term":[{"taxonomy":"product_brand","embeddable":true,"href":"https:\/\/www.coquard.fr\/en\/wp-json\/wp\/v2\/product_brand?post=57323"},{"taxonomy":"product_cat","embeddable":true,"href":"https:\/\/www.coquard.fr\/en\/wp-json\/wp\/v2\/product_cat?post=57323"},{"taxonomy":"product_tag","embeddable":true,"href":"https:\/\/www.coquard.fr\/en\/wp-json\/wp\/v2\/product_tag?post=57323"}],"curies":[{"name":"wp","href":"https:\/\/api.w.org\/{rel}","templated":true}]}}