{"id":57115,"date":"2024-03-08T16:07:44","date_gmt":"2024-03-08T15:07:44","guid":{"rendered":"https:\/\/www.coquard.fr\/produit\/test-pseudomonas-boite-de-5-tests"},"modified":"2026-03-31T21:21:11","modified_gmt":"2026-03-31T19:21:11","slug":"test-pseudomonas-boite-de-5-tests","status":"publish","type":"product","link":"https:\/\/www.coquard.fr\/en\/produit\/test-pseudomonas-boite-de-5-tests","title":{"rendered":"TEST PSEUDOMONAS BOITE DE 5 TESTS"},"content":{"rendered":"<p>Bo\u00eete de 5 tests pour contr\u00f4le des Pseudomonas. Lame g\u00e9los\u00e9e \u00e0 tremper 20 sec dans l&#8217;eau ou le lait \u00e0 contr\u00f4ler. Lecture en 1 \u00e0 2 jours \u00e0 30\u00b0C, ou en 4 \u00e0 5 jours \u00e0 20\u00b0C sans \u00e9tuve. Les colonies de Pseudomonas apparaissent en rouge sur la g\u00e9lose jaune.<br \/>\nVendu par bo\u00eete de 5 tests.<\/p>\n","protected":false},"excerpt":{"rendered":"<p>57115<\/p>\n","protected":false},"featured_media":57118,"comment_status":"closed","ping_status":"closed","template":"","meta":{"_acf_changed":false},"product_brand":[],"product_cat":[1486],"product_tag":[],"class_list":{"0":"post-57115","1":"product","2":"type-product","3":"status-publish","4":"has-post-thumbnail","6":"product_cat-reactants-and-control-products","8":"first","9":"instock","10":"taxable","11":"shipping-taxable","12":"purchasable","13":"product-type-simple"},"acf":[],"_links":{"self":[{"href":"https:\/\/www.coquard.fr\/en\/wp-json\/wp\/v2\/product\/57115","targetHints":{"allow":["GET"]}}],"collection":[{"href":"https:\/\/www.coquard.fr\/en\/wp-json\/wp\/v2\/product"}],"about":[{"href":"https:\/\/www.coquard.fr\/en\/wp-json\/wp\/v2\/types\/product"}],"replies":[{"embeddable":true,"href":"https:\/\/www.coquard.fr\/en\/wp-json\/wp\/v2\/comments?post=57115"}],"wp:featuredmedia":[{"embeddable":true,"href":"https:\/\/www.coquard.fr\/en\/wp-json\/wp\/v2\/media\/57118"}],"wp:attachment":[{"href":"https:\/\/www.coquard.fr\/en\/wp-json\/wp\/v2\/media?parent=57115"}],"wp:term":[{"taxonomy":"product_brand","embeddable":true,"href":"https:\/\/www.coquard.fr\/en\/wp-json\/wp\/v2\/product_brand?post=57115"},{"taxonomy":"product_cat","embeddable":true,"href":"https:\/\/www.coquard.fr\/en\/wp-json\/wp\/v2\/product_cat?post=57115"},{"taxonomy":"product_tag","embeddable":true,"href":"https:\/\/www.coquard.fr\/en\/wp-json\/wp\/v2\/product_tag?post=57115"}],"curies":[{"name":"wp","href":"https:\/\/api.w.org\/{rel}","templated":true}]}}