{"id":55553,"date":"2023-12-20T17:14:55","date_gmt":"2023-12-20T16:14:55","guid":{"rendered":"https:\/\/www.coquard.fr\/produit\/chassis-inox-pour-tank-100l"},"modified":"2026-01-30T13:05:25","modified_gmt":"2026-01-30T12:05:25","slug":"chassis-inox-pour-tank-100l","status":"publish","type":"product","link":"https:\/\/www.coquard.fr\/en\/produit\/chassis-inox-pour-tank-100l","title":{"rendered":"CHASSIS INOX POUR SURELEVATION TANK 100L"},"content":{"rendered":"<p>Ch\u00e2ssis inox pour sur\u00e9l\u00e9vation de 650 mm d&#8217;un tank \u00e0 lait de 100 litres,  ref 034SEC.<br \/>\nSortie du lait \u00e0 1100 mm. Permet le remplissage des bacs de caillage par gravit\u00e9. Escalier et garde-corps en option.<\/p>\n","protected":false},"excerpt":{"rendered":"<p>55553<\/p>\n","protected":false},"featured_media":55556,"comment_status":"closed","ping_status":"closed","template":"","meta":{"_acf_changed":false},"product_brand":[],"product_cat":[1532],"product_tag":[],"class_list":{"0":"post-55553","1":"product","2":"type-product","3":"status-publish","4":"has-post-thumbnail","6":"product_cat-milk-tanks-and-citerns","8":"first","9":"instock","10":"taxable","11":"shipping-taxable","12":"purchasable","13":"product-type-simple"},"acf":[],"_links":{"self":[{"href":"https:\/\/www.coquard.fr\/en\/wp-json\/wp\/v2\/product\/55553","targetHints":{"allow":["GET"]}}],"collection":[{"href":"https:\/\/www.coquard.fr\/en\/wp-json\/wp\/v2\/product"}],"about":[{"href":"https:\/\/www.coquard.fr\/en\/wp-json\/wp\/v2\/types\/product"}],"replies":[{"embeddable":true,"href":"https:\/\/www.coquard.fr\/en\/wp-json\/wp\/v2\/comments?post=55553"}],"wp:featuredmedia":[{"embeddable":true,"href":"https:\/\/www.coquard.fr\/en\/wp-json\/wp\/v2\/media\/55556"}],"wp:attachment":[{"href":"https:\/\/www.coquard.fr\/en\/wp-json\/wp\/v2\/media?parent=55553"}],"wp:term":[{"taxonomy":"product_brand","embeddable":true,"href":"https:\/\/www.coquard.fr\/en\/wp-json\/wp\/v2\/product_brand?post=55553"},{"taxonomy":"product_cat","embeddable":true,"href":"https:\/\/www.coquard.fr\/en\/wp-json\/wp\/v2\/product_cat?post=55553"},{"taxonomy":"product_tag","embeddable":true,"href":"https:\/\/www.coquard.fr\/en\/wp-json\/wp\/v2\/product_tag?post=55553"}],"curies":[{"name":"wp","href":"https:\/\/api.w.org\/{rel}","templated":true}]}}