{"id":55458,"date":"2022-01-10T22:06:15","date_gmt":"2022-01-10T21:06:15","guid":{"rendered":"https:\/\/www.coquard.fr\/produit\/batterie-interne-pour-138aaq-pour-balance-poids-prix-6-kg"},"modified":"2026-04-06T21:17:41","modified_gmt":"2026-04-06T19:17:41","slug":"batterie-interne-pour-138aaq-pour-balance-poids-prix-6-kg","status":"publish","type":"product","link":"https:\/\/www.coquard.fr\/en\/produit\/batterie-interne-pour-138aaq-pour-balance-poids-prix-6-kg","title":{"rendered":"BALANCE INOX POIDS PRIX 6 KG"},"content":{"rendered":"<p>Balance de pes\u00e9e pour la vente avec affichage poids et prix. N&#8217;imprime pas de ticket. Pr\u00e9cision +\/- 2 grs. Poids maxi 6 kg. Poids mini 40g. Affichage sur 3 \u00e9crans : poids, prix au kg, prix de vente. M\u00e9moire pour 20 articles. Affichage sur colonne en option non chiffr\u00e9e. Homologation pour la vente comprise. Fonctionne sur secteur. Adaptateur inclus. En option : batterie interne autonomie 50 heures sans r\u00e9tro\u00e9clairage, r\u00e9f. 138AAY.<\/p>\n","protected":false},"excerpt":{"rendered":"<p>55458<\/p>\n","protected":false},"featured_media":36196,"comment_status":"closed","ping_status":"closed","template":"","meta":{"_acf_changed":false},"product_brand":[],"product_cat":[1485],"product_tag":[],"class_list":{"0":"post-55458","1":"product","2":"type-product","3":"status-publish","4":"has-post-thumbnail","6":"product_cat-weighing-system","8":"first","9":"onbackorder","10":"taxable","11":"shipping-taxable","12":"purchasable","13":"product-type-simple"},"acf":[],"_links":{"self":[{"href":"https:\/\/www.coquard.fr\/en\/wp-json\/wp\/v2\/product\/55458","targetHints":{"allow":["GET"]}}],"collection":[{"href":"https:\/\/www.coquard.fr\/en\/wp-json\/wp\/v2\/product"}],"about":[{"href":"https:\/\/www.coquard.fr\/en\/wp-json\/wp\/v2\/types\/product"}],"replies":[{"embeddable":true,"href":"https:\/\/www.coquard.fr\/en\/wp-json\/wp\/v2\/comments?post=55458"}],"wp:featuredmedia":[{"embeddable":true,"href":"https:\/\/www.coquard.fr\/en\/wp-json\/wp\/v2\/media\/36196"}],"wp:attachment":[{"href":"https:\/\/www.coquard.fr\/en\/wp-json\/wp\/v2\/media?parent=55458"}],"wp:term":[{"taxonomy":"product_brand","embeddable":true,"href":"https:\/\/www.coquard.fr\/en\/wp-json\/wp\/v2\/product_brand?post=55458"},{"taxonomy":"product_cat","embeddable":true,"href":"https:\/\/www.coquard.fr\/en\/wp-json\/wp\/v2\/product_cat?post=55458"},{"taxonomy":"product_tag","embeddable":true,"href":"https:\/\/www.coquard.fr\/en\/wp-json\/wp\/v2\/product_tag?post=55458"}],"curies":[{"name":"wp","href":"https:\/\/api.w.org\/{rel}","templated":true}]}}