{"id":55380,"date":"2023-12-18T15:03:27","date_gmt":"2023-12-18T14:03:27","guid":{"rendered":"https:\/\/www.coquard.fr\/produit\/pate-de-noisette-pour-glace"},"modified":"2026-01-08T14:40:30","modified_gmt":"2026-01-08T13:40:30","slug":"pate-de-noisette-pour-glace","status":"publish","type":"product","link":"https:\/\/www.coquard.fr\/en\/produit\/pate-de-noisette-pour-glace","title":{"rendered":"PATE DE NOISETTE POUR GLACE"},"content":{"rendered":"<p>P\u00e2te de noisette (70 %) pour fabriquer vos glaces \u00e0 la ferme. Dosage de 7 % environ dans la base de pr\u00e9paration neutre. Un pot de 1.10 kg convient pour 16.82  kg de glace. Prix par pot de 1.10 kg. Tarif d\u00e9gressif \u00e0 partir de 6 pots.<\/p>\n","protected":false},"excerpt":{"rendered":"<p>55380<\/p>\n","protected":false},"featured_media":55383,"comment_status":"closed","ping_status":"closed","template":"","meta":{"_acf_changed":false},"product_brand":[],"product_cat":[1624],"product_tag":[],"class_list":{"0":"post-55380","1":"product","2":"type-product","3":"status-publish","4":"has-post-thumbnail","6":"product_cat-preparation-pour-glaces-en","8":"first","9":"instock","10":"taxable","11":"shipping-taxable","12":"purchasable","13":"product-type-simple"},"acf":[],"_links":{"self":[{"href":"https:\/\/www.coquard.fr\/en\/wp-json\/wp\/v2\/product\/55380","targetHints":{"allow":["GET"]}}],"collection":[{"href":"https:\/\/www.coquard.fr\/en\/wp-json\/wp\/v2\/product"}],"about":[{"href":"https:\/\/www.coquard.fr\/en\/wp-json\/wp\/v2\/types\/product"}],"replies":[{"embeddable":true,"href":"https:\/\/www.coquard.fr\/en\/wp-json\/wp\/v2\/comments?post=55380"}],"wp:featuredmedia":[{"embeddable":true,"href":"https:\/\/www.coquard.fr\/en\/wp-json\/wp\/v2\/media\/55383"}],"wp:attachment":[{"href":"https:\/\/www.coquard.fr\/en\/wp-json\/wp\/v2\/media?parent=55380"}],"wp:term":[{"taxonomy":"product_brand","embeddable":true,"href":"https:\/\/www.coquard.fr\/en\/wp-json\/wp\/v2\/product_brand?post=55380"},{"taxonomy":"product_cat","embeddable":true,"href":"https:\/\/www.coquard.fr\/en\/wp-json\/wp\/v2\/product_cat?post=55380"},{"taxonomy":"product_tag","embeddable":true,"href":"https:\/\/www.coquard.fr\/en\/wp-json\/wp\/v2\/product_tag?post=55380"}],"curies":[{"name":"wp","href":"https:\/\/api.w.org\/{rel}","templated":true}]}}