{"id":48070,"date":"2023-01-10T12:29:59","date_gmt":"2023-01-10T11:29:59","guid":{"rendered":"https:\/\/www.coquard.fr\/produit\/pasteurisateur-50-l-yaourts-et-cremes-desserts"},"modified":"2026-04-25T23:19:11","modified_gmt":"2026-04-25T21:19:11","slug":"pasteurisateur-50-l-yaourts-et-cremes-desserts","status":"publish","type":"product","link":"https:\/\/www.coquard.fr\/en\/produit\/pasteurisateur-50-l-yaourts-et-cremes-desserts","title":{"rendered":"PASTEURISATEUR 50 L. YAOURTS ET CREMES DESSERTS"},"content":{"rendered":"<p>Cuve de pasteurisation 50 litres avec potence centrale, variateur de vitesse et pale adapt\u00e9e au lait, yaourts, glaces et cr\u00e8mes desserts. Capacit\u00e9 maximale 45 litres en cr\u00e8mes desserts. Cuve comprenant : r\u00e9gulation par thermostat et s\u00e9lecteur chaud\/froid, bain marie ferm\u00e9 et isol\u00e9, chauffage du bain marie jusqu&#8217;\u00e0 90\u00b0C par 1 r\u00e9sistance \u00e9lectrique de 6 kW, refroidissement en eau perdue command\u00e9 par une \u00e9lectrovanne, sortie SMS 51 m\u00e2le, couvercle inox amovible. Alimentation 400 Volts &#8211; 50 Hz, 3 phases + neutre + terre.  Pasteurisateur 100% assembl\u00e9 en France par nos soins.<\/p>\n","protected":false},"excerpt":{"rendered":"<p>48070<\/p>\n","protected":false},"featured_media":53723,"comment_status":"closed","ping_status":"closed","template":"","meta":{"_acf_changed":false},"product_brand":[],"product_cat":[1512],"product_tag":[],"class_list":{"0":"post-48070","1":"product","2":"type-product","3":"status-publish","4":"has-post-thumbnail","6":"product_cat-small-pasteurizer","8":"first","9":"instock","10":"taxable","11":"shipping-taxable","12":"purchasable","13":"product-type-simple"},"acf":[],"_links":{"self":[{"href":"https:\/\/www.coquard.fr\/en\/wp-json\/wp\/v2\/product\/48070","targetHints":{"allow":["GET"]}}],"collection":[{"href":"https:\/\/www.coquard.fr\/en\/wp-json\/wp\/v2\/product"}],"about":[{"href":"https:\/\/www.coquard.fr\/en\/wp-json\/wp\/v2\/types\/product"}],"replies":[{"embeddable":true,"href":"https:\/\/www.coquard.fr\/en\/wp-json\/wp\/v2\/comments?post=48070"}],"wp:featuredmedia":[{"embeddable":true,"href":"https:\/\/www.coquard.fr\/en\/wp-json\/wp\/v2\/media\/53723"}],"wp:attachment":[{"href":"https:\/\/www.coquard.fr\/en\/wp-json\/wp\/v2\/media?parent=48070"}],"wp:term":[{"taxonomy":"product_brand","embeddable":true,"href":"https:\/\/www.coquard.fr\/en\/wp-json\/wp\/v2\/product_brand?post=48070"},{"taxonomy":"product_cat","embeddable":true,"href":"https:\/\/www.coquard.fr\/en\/wp-json\/wp\/v2\/product_cat?post=48070"},{"taxonomy":"product_tag","embeddable":true,"href":"https:\/\/www.coquard.fr\/en\/wp-json\/wp\/v2\/product_tag?post=48070"}],"curies":[{"name":"wp","href":"https:\/\/api.w.org\/{rel}","templated":true}]}}