{"id":45355,"date":"2022-02-15T22:03:10","date_gmt":"2022-02-15T21:03:10","guid":{"rendered":"https:\/\/www.coquard.fr\/produit\/conditionneuse-axia-1800-automatique"},"modified":"2025-11-14T20:15:00","modified_gmt":"2025-11-14T19:15:00","slug":"conditionneuse-axia-1800-automatique","status":"publish","type":"product","link":"https:\/\/www.coquard.fr\/en\/produit\/conditionneuse-axia-1800-automatique","title":{"rendered":"CONDITIONNEUSE AXIA 1800 AUTOMATIQUE"},"content":{"rendered":"<p>Conditionneuse automatique AXIA 1800 pots\/heure sur chassis inox sur pieds assurant les fonctions de : D\u00e9pilage de pot (125ml, diam\u00e8tre 68 mm en standard), Dosage produits liquides ou p\u00e2teux avec ou sans morceaux avec tr\u00e9mie 25 Litres \u00e0 remplissage manuel. Possibilit\u00e9 de doser plus de 125 ml en baissant la cadence machine. Thermoscellage d&#8217;un opercule pr\u00e9d\u00e9coup\u00e9. Marquage par tampon encreur. \u00c9vacuation du pot vers l&#8217;ext\u00e9rieur de la machine. Cette machine comprend un pupitre de commande tactile ainsi qu&#8217;un module recettes. Elle est \u00e9volutive vers 3000 pots\/heure. Un Kit de petites pi\u00e8ces de rechange est compris. Cet \u00e9quipement est garanti 12 mois par le fabricant, \u00e0 partir de la date de livraison. La main d&#8217;oeuvre et les \u00e9ventuels frais de d\u00e9placement pour les interventions ne sont pas inclus dans la garantie.<br \/>\nUn r\u00e9seau Wi-fi devra \u00eatre pr\u00e9sent dans l&#8217;atelier afin de connecter la conditionneuse \u00e0 internet, permettant une prise en main \u00e0 distance de celle-ci. Nos offres peuvent inclure la mise en service et formation dans vos locaux, en France et \u00e0 l&#8217;export. Machine fonctionnant \u00e0 l&#8217;\u00e9nergie pneumatique (pr\u00e9voir compresseur 30 Nm3\/h \u00e0 6 bars) et \u00e9lectrique (230 Volts monophas\u00e9 ou 400 Volts triphas\u00e9 avec neutre).<br \/>\nNombreuses options en devis. Nous consulter.<\/p>\n","protected":false},"excerpt":{"rendered":"<p>45355<\/p>\n","protected":false},"featured_media":40394,"comment_status":"closed","ping_status":"closed","template":"","meta":{"_acf_changed":false},"product_brand":[],"product_cat":[1286],"product_tag":[],"class_list":{"0":"post-45355","1":"product","2":"type-product","3":"status-publish","4":"has-post-thumbnail","6":"product_cat-non-classe","8":"first","9":"onbackorder","10":"taxable","11":"shipping-taxable","12":"purchasable","13":"product-type-simple"},"acf":[],"_links":{"self":[{"href":"https:\/\/www.coquard.fr\/en\/wp-json\/wp\/v2\/product\/45355","targetHints":{"allow":["GET"]}}],"collection":[{"href":"https:\/\/www.coquard.fr\/en\/wp-json\/wp\/v2\/product"}],"about":[{"href":"https:\/\/www.coquard.fr\/en\/wp-json\/wp\/v2\/types\/product"}],"replies":[{"embeddable":true,"href":"https:\/\/www.coquard.fr\/en\/wp-json\/wp\/v2\/comments?post=45355"}],"wp:featuredmedia":[{"embeddable":true,"href":"https:\/\/www.coquard.fr\/en\/wp-json\/wp\/v2\/media\/40394"}],"wp:attachment":[{"href":"https:\/\/www.coquard.fr\/en\/wp-json\/wp\/v2\/media?parent=45355"}],"wp:term":[{"taxonomy":"product_brand","embeddable":true,"href":"https:\/\/www.coquard.fr\/en\/wp-json\/wp\/v2\/product_brand?post=45355"},{"taxonomy":"product_cat","embeddable":true,"href":"https:\/\/www.coquard.fr\/en\/wp-json\/wp\/v2\/product_cat?post=45355"},{"taxonomy":"product_tag","embeddable":true,"href":"https:\/\/www.coquard.fr\/en\/wp-json\/wp\/v2\/product_tag?post=45355"}],"curies":[{"name":"wp","href":"https:\/\/api.w.org\/{rel}","templated":true}]}}