{"id":35221,"date":"2021-11-29T22:02:57","date_gmt":"2021-11-29T21:02:57","guid":{"rendered":"https:\/\/www.coquard.fr\/produit\/tank-a-lait-vertical-800-l-groupe-froid-derriere-la-cuve"},"modified":"2026-04-10T23:35:44","modified_gmt":"2026-04-10T21:35:44","slug":"tank-a-lait-vertical-800-l-groupe-froid-derriere-la-cuve","status":"publish","type":"product","link":"https:\/\/www.coquard.fr\/en\/produit\/tank-a-lait-vertical-800-l-groupe-froid-derriere-la-cuve","title":{"rendered":"TANK \u00c0 LAIT VERTICAL 800 L GROUPE FROID DERRIERE LA CUVE"},"content":{"rendered":"<p>Tank \u00e0 lait vertical avec groupe plac\u00e9 derri\u00e8re la cuve d&#8217;une capacit\u00e9 de 800 litres. Avec thermostat pour stockage du lait  \u00e0 +2\/4\u00b0C et\/ou maturation \u00e0 12\/14\u00b0C. Nombre de traites : 2. Cuve en inox 304. Agitation s\u00e9quenc\u00e9e pr\u00e9r\u00e9gl\u00e9e. Sortie du tank : diam\u00e8tre 51  SMS. Alimentation 400 Volts.<\/p>\n","protected":false},"excerpt":{"rendered":"<p>35221<\/p>\n","protected":false},"featured_media":35181,"comment_status":"closed","ping_status":"closed","template":"","meta":{"_acf_changed":false},"product_brand":[],"product_cat":[1532],"product_tag":[],"class_list":{"0":"post-35221","1":"product","2":"type-product","3":"status-publish","4":"has-post-thumbnail","6":"product_cat-milk-tanks-and-citerns","8":"first","9":"onbackorder","10":"taxable","11":"shipping-taxable","12":"purchasable","13":"product-type-simple"},"acf":[],"_links":{"self":[{"href":"https:\/\/www.coquard.fr\/en\/wp-json\/wp\/v2\/product\/35221","targetHints":{"allow":["GET"]}}],"collection":[{"href":"https:\/\/www.coquard.fr\/en\/wp-json\/wp\/v2\/product"}],"about":[{"href":"https:\/\/www.coquard.fr\/en\/wp-json\/wp\/v2\/types\/product"}],"replies":[{"embeddable":true,"href":"https:\/\/www.coquard.fr\/en\/wp-json\/wp\/v2\/comments?post=35221"}],"wp:featuredmedia":[{"embeddable":true,"href":"https:\/\/www.coquard.fr\/en\/wp-json\/wp\/v2\/media\/35181"}],"wp:attachment":[{"href":"https:\/\/www.coquard.fr\/en\/wp-json\/wp\/v2\/media?parent=35221"}],"wp:term":[{"taxonomy":"product_brand","embeddable":true,"href":"https:\/\/www.coquard.fr\/en\/wp-json\/wp\/v2\/product_brand?post=35221"},{"taxonomy":"product_cat","embeddable":true,"href":"https:\/\/www.coquard.fr\/en\/wp-json\/wp\/v2\/product_cat?post=35221"},{"taxonomy":"product_tag","embeddable":true,"href":"https:\/\/www.coquard.fr\/en\/wp-json\/wp\/v2\/product_tag?post=35221"}],"curies":[{"name":"wp","href":"https:\/\/api.w.org\/{rel}","templated":true}]}}