{"id":35209,"date":"2021-11-29T22:02:38","date_gmt":"2021-11-29T21:02:38","guid":{"rendered":"https:\/\/www.coquard.fr\/produit\/tank-a-lait-vertical-100-l-avec-groupe-sous-cuve"},"modified":"2026-04-02T21:12:35","modified_gmt":"2026-04-02T19:12:35","slug":"tank-a-lait-vertical-100-l-avec-groupe-sous-cuve","status":"publish","type":"product","link":"https:\/\/www.coquard.fr\/en\/produit\/tank-a-lait-vertical-100-l-avec-groupe-sous-cuve","title":{"rendered":"TANK \u00c0 LAIT VERTICAL 100 L AVEC GROUPE SOUS CUVE"},"content":{"rendered":"<p>Tank \u00e0 lait vertical avec groupe plac\u00e9 sous la cuve d&#8217;une capacit\u00e9 de 100 litres. Avec thermostat pour stockage du lait  \u00e0 +2\/4\u00b0C et\/ou maturation \u00e0 12\/14\u00b0C. Nombre de traites : 2. Cuve en inox 304. Agitation s\u00e9quenc\u00e9e pr\u00e9r\u00e9gl\u00e9e. Sortie du tank : diam\u00e8tre 51  SMS. Alimentation 230 Volts.            <\/p>\n","protected":false},"excerpt":{"rendered":"<p>35209<\/p>\n","protected":false},"featured_media":35169,"comment_status":"closed","ping_status":"closed","template":"","meta":{"_acf_changed":false},"product_brand":[],"product_cat":[1532],"product_tag":[],"class_list":{"0":"post-35209","1":"product","2":"type-product","3":"status-publish","4":"has-post-thumbnail","6":"product_cat-milk-tanks-and-citerns","8":"first","9":"onbackorder","10":"taxable","11":"shipping-taxable","12":"purchasable","13":"product-type-simple"},"acf":[],"_links":{"self":[{"href":"https:\/\/www.coquard.fr\/en\/wp-json\/wp\/v2\/product\/35209","targetHints":{"allow":["GET"]}}],"collection":[{"href":"https:\/\/www.coquard.fr\/en\/wp-json\/wp\/v2\/product"}],"about":[{"href":"https:\/\/www.coquard.fr\/en\/wp-json\/wp\/v2\/types\/product"}],"replies":[{"embeddable":true,"href":"https:\/\/www.coquard.fr\/en\/wp-json\/wp\/v2\/comments?post=35209"}],"wp:featuredmedia":[{"embeddable":true,"href":"https:\/\/www.coquard.fr\/en\/wp-json\/wp\/v2\/media\/35169"}],"wp:attachment":[{"href":"https:\/\/www.coquard.fr\/en\/wp-json\/wp\/v2\/media?parent=35209"}],"wp:term":[{"taxonomy":"product_brand","embeddable":true,"href":"https:\/\/www.coquard.fr\/en\/wp-json\/wp\/v2\/product_brand?post=35209"},{"taxonomy":"product_cat","embeddable":true,"href":"https:\/\/www.coquard.fr\/en\/wp-json\/wp\/v2\/product_cat?post=35209"},{"taxonomy":"product_tag","embeddable":true,"href":"https:\/\/www.coquard.fr\/en\/wp-json\/wp\/v2\/product_tag?post=35209"}],"curies":[{"name":"wp","href":"https:\/\/api.w.org\/{rel}","templated":true}]}}