{"id":33018,"date":"2020-07-17T11:21:21","date_gmt":"2020-07-17T09:21:21","guid":{"rendered":"https:\/\/www.coquard.fr\/produit\/sabots-fermes-p-42"},"modified":"2026-01-08T15:43:02","modified_gmt":"2026-01-08T14:43:02","slug":"sabots-fermes-p-42","status":"publish","type":"product","link":"https:\/\/www.coquard.fr\/en\/produit\/sabots-fermes-p-42","title":{"rendered":"SABOTS FERMES \u00c0 L&#8217;ARRIERE P 42"},"content":{"rendered":"<p>Paire de sabots ferm\u00e9s \u00e0 l&#8217;arri\u00e8re. En\u00a0polychlorure de vinyle. Blanc. Pointure 42.        <\/p>\n","protected":false},"excerpt":{"rendered":"<p>33018<\/p>\n","protected":false},"featured_media":21739,"comment_status":"closed","ping_status":"closed","template":"","meta":{"_acf_changed":false},"product_brand":[],"product_cat":[1449],"product_tag":[],"class_list":{"0":"post-33018","1":"product","2":"type-product","3":"status-publish","4":"has-post-thumbnail","6":"product_cat-work-shoes","8":"first","9":"instock","10":"taxable","11":"shipping-taxable","12":"purchasable","13":"product-type-simple"},"acf":[],"_links":{"self":[{"href":"https:\/\/www.coquard.fr\/en\/wp-json\/wp\/v2\/product\/33018","targetHints":{"allow":["GET"]}}],"collection":[{"href":"https:\/\/www.coquard.fr\/en\/wp-json\/wp\/v2\/product"}],"about":[{"href":"https:\/\/www.coquard.fr\/en\/wp-json\/wp\/v2\/types\/product"}],"replies":[{"embeddable":true,"href":"https:\/\/www.coquard.fr\/en\/wp-json\/wp\/v2\/comments?post=33018"}],"wp:featuredmedia":[{"embeddable":true,"href":"https:\/\/www.coquard.fr\/en\/wp-json\/wp\/v2\/media\/21739"}],"wp:attachment":[{"href":"https:\/\/www.coquard.fr\/en\/wp-json\/wp\/v2\/media?parent=33018"}],"wp:term":[{"taxonomy":"product_brand","embeddable":true,"href":"https:\/\/www.coquard.fr\/en\/wp-json\/wp\/v2\/product_brand?post=33018"},{"taxonomy":"product_cat","embeddable":true,"href":"https:\/\/www.coquard.fr\/en\/wp-json\/wp\/v2\/product_cat?post=33018"},{"taxonomy":"product_tag","embeddable":true,"href":"https:\/\/www.coquard.fr\/en\/wp-json\/wp\/v2\/product_tag?post=33018"}],"curies":[{"name":"wp","href":"https:\/\/api.w.org\/{rel}","templated":true}]}}