{"id":31814,"date":"2020-07-17T10:49:28","date_gmt":"2020-07-17T08:49:28","guid":{"rendered":"https:\/\/www.coquard.fr\/produit\/tranche-caille-17-lames-150-x-515-mm"},"modified":"2021-06-28T19:21:27","modified_gmt":"2021-06-28T17:21:27","slug":"tranche-caille-17-lames-150-x-515-mm","status":"publish","type":"product","link":"https:\/\/www.coquard.fr\/en\/produit\/tranche-caille-17-lames-150-x-515-mm","title":{"rendered":"STAINLESS STEEL CURD KNIFE 17 BLADES"},"content":{"rendered":"","protected":false},"excerpt":{"rendered":"<p>Tranche-caill\u00e9 \u00e0 lames horizontales, pour bassines 50 et 75 Litres. Compl\u00e9mentaire au tranche-caill\u00e9 040BBA \u00e0 lames verticales.<br \/>\nDimensions 515 x 150 mm. Avec poign\u00e9e. Espace entre les lames 30 mm.<\/p>\n","protected":false},"featured_media":24193,"comment_status":"closed","ping_status":"closed","template":"","meta":{"_acf_changed":false},"product_brand":[],"product_cat":[1490],"product_tag":[],"class_list":{"0":"post-31814","1":"product","2":"type-product","3":"status-publish","4":"has-post-thumbnail","6":"product_cat-round-containers-and-curdling-equipment","8":"first","9":"instock","10":"taxable","11":"shipping-taxable","12":"purchasable","13":"product-type-simple"},"acf":[],"_links":{"self":[{"href":"https:\/\/www.coquard.fr\/en\/wp-json\/wp\/v2\/product\/31814","targetHints":{"allow":["GET"]}}],"collection":[{"href":"https:\/\/www.coquard.fr\/en\/wp-json\/wp\/v2\/product"}],"about":[{"href":"https:\/\/www.coquard.fr\/en\/wp-json\/wp\/v2\/types\/product"}],"replies":[{"embeddable":true,"href":"https:\/\/www.coquard.fr\/en\/wp-json\/wp\/v2\/comments?post=31814"}],"wp:featuredmedia":[{"embeddable":true,"href":"https:\/\/www.coquard.fr\/en\/wp-json\/wp\/v2\/media\/24193"}],"wp:attachment":[{"href":"https:\/\/www.coquard.fr\/en\/wp-json\/wp\/v2\/media?parent=31814"}],"wp:term":[{"taxonomy":"product_brand","embeddable":true,"href":"https:\/\/www.coquard.fr\/en\/wp-json\/wp\/v2\/product_brand?post=31814"},{"taxonomy":"product_cat","embeddable":true,"href":"https:\/\/www.coquard.fr\/en\/wp-json\/wp\/v2\/product_cat?post=31814"},{"taxonomy":"product_tag","embeddable":true,"href":"https:\/\/www.coquard.fr\/en\/wp-json\/wp\/v2\/product_tag?post=31814"}],"curies":[{"name":"wp","href":"https:\/\/api.w.org\/{rel}","templated":true}]}}