{"id":31578,"date":"2020-11-04T12:25:08","date_gmt":"2020-11-04T11:25:08","guid":{"rendered":"https:\/\/www.coquard.fr\/produit\/cuve-fromagere-500-l-tranche-cailles-4"},"modified":"2025-01-30T10:29:49","modified_gmt":"2025-01-30T09:29:49","slug":"cuve-fromagere-500-l-tranche-cailles-4","status":"publish","type":"product","link":"https:\/\/www.coquard.fr\/en\/produit\/cuve-fromagere-500-l-tranche-cailles-4","title":{"rendered":"CUVE FROMAGERE 500 L + TRANCHE-CAILLES"},"content":{"rendered":"<p>Cuve de fabrication fromag\u00e8re et de pasteurisation de 500 litres. Potence centrale de d\u00e9caillage m\u00e9canis\u00e9e avec 3 tranche-caill\u00e9s \u00e0 lame \u00e0 rotation dite satellite. Chauffage jusqu&#8217;\u00e0 90\u00b0C par r\u00e9sistances \u00e9lectriques, puissance 20 kW. Pompe de circulation de l&#8217;eau du circuit. Refroidissement par circulation d&#8217;eau dans le bain-marie.  Automate de r\u00e9gulation du chauffage et du refroidissement \u00e0 \u00e9cran tactile comprenant 9 programmes automatiques et 1 mode manuel, mode de d\u00e9marrage diff\u00e9r\u00e9. Variateur de vitesse 5 \u00e0 30 tours\/min + inverseur de fr\u00e9quence. Inclinaison pneumatique de fin de vidange. Sortie SMS 63 m\u00e2le. Alimentation 400 volts &#8211; 50 Hz. Accessoires et options d\u00e9taill\u00e9s en fiche technique : pelle de brassage du caill\u00e9, pale centrale d&#8217;agitation, vanne,  enregistreur\u2026 Pour d&#8217;autres modes de programmation ou modes de chauffage, nous consulter.<\/p>\n","protected":false},"excerpt":{"rendered":"<p>31578<\/p>\n","protected":false},"featured_media":46555,"comment_status":"closed","ping_status":"closed","template":"","meta":{"_acf_changed":false},"product_brand":[],"product_cat":[1286],"product_tag":[],"class_list":{"0":"post-31578","1":"product","2":"type-product","3":"status-publish","4":"has-post-thumbnail","6":"product_cat-non-classe","8":"first","9":"onbackorder","10":"taxable","11":"shipping-taxable","12":"purchasable","13":"product-type-simple"},"acf":[],"_links":{"self":[{"href":"https:\/\/www.coquard.fr\/en\/wp-json\/wp\/v2\/product\/31578","targetHints":{"allow":["GET"]}}],"collection":[{"href":"https:\/\/www.coquard.fr\/en\/wp-json\/wp\/v2\/product"}],"about":[{"href":"https:\/\/www.coquard.fr\/en\/wp-json\/wp\/v2\/types\/product"}],"replies":[{"embeddable":true,"href":"https:\/\/www.coquard.fr\/en\/wp-json\/wp\/v2\/comments?post=31578"}],"wp:featuredmedia":[{"embeddable":true,"href":"https:\/\/www.coquard.fr\/en\/wp-json\/wp\/v2\/media\/46555"}],"wp:attachment":[{"href":"https:\/\/www.coquard.fr\/en\/wp-json\/wp\/v2\/media?parent=31578"}],"wp:term":[{"taxonomy":"product_brand","embeddable":true,"href":"https:\/\/www.coquard.fr\/en\/wp-json\/wp\/v2\/product_brand?post=31578"},{"taxonomy":"product_cat","embeddable":true,"href":"https:\/\/www.coquard.fr\/en\/wp-json\/wp\/v2\/product_cat?post=31578"},{"taxonomy":"product_tag","embeddable":true,"href":"https:\/\/www.coquard.fr\/en\/wp-json\/wp\/v2\/product_tag?post=31578"}],"curies":[{"name":"wp","href":"https:\/\/api.w.org\/{rel}","templated":true}]}}